{"id":45,"date":"2022-02-21T11:46:09","date_gmt":"2022-02-21T11:46:09","guid":{"rendered":"https:\/\/kamalafontanals.com\/?page_id=45"},"modified":"2022-03-12T13:19:06","modified_gmt":"2022-03-12T13:19:06","slug":"maderas","status":"publish","type":"page","link":"https:\/\/kamalafontanals.com\/index.php\/maderas\/","title":{"rendered":"Maderas"},"content":{"rendered":"<h3>Ajedrez<\/h3>\n<p>Ajedrez de madera restaurado 34 x 34 cm<br>Piezas desgastadas. Tablero decapado.<\/p>\n\n\n<figure class=\"wp-block-gallery has-nested-images columns-default is-cropped wp-block-gallery-1 is-layout-flex wp-block-gallery-is-layout-flex\">\n<figure class=\"wp-block-image size-large\"><a href=\"https:\/\/kamalafontanals.com\/wp-content\/uploads\/2022\/02\/FIGURAS-DE-AJEDREZ-ASPECTO-DESGASTADO.jpg\"><img loading=\"lazy\" decoding=\"async\" width=\"1024\" height=\"576\" data-id=\"47\" src=\"https:\/\/kamalafontanals.com\/wp-content\/uploads\/2022\/02\/FIGURAS-DE-AJEDREZ-ASPECTO-DESGASTADO-1024x576.jpg\" alt=\"\" class=\"wp-image-47\" srcset=\"https:\/\/kamalafontanals.com\/wp-content\/uploads\/2022\/02\/FIGURAS-DE-AJEDREZ-ASPECTO-DESGASTADO-1024x576.jpg 1024w, https:\/\/kamalafontanals.com\/wp-content\/uploads\/2022\/02\/FIGURAS-DE-AJEDREZ-ASPECTO-DESGASTADO-300x169.jpg 300w, https:\/\/kamalafontanals.com\/wp-content\/uploads\/2022\/02\/FIGURAS-DE-AJEDREZ-ASPECTO-DESGASTADO-768x432.jpg 768w, https:\/\/kamalafontanals.com\/wp-content\/uploads\/2022\/02\/FIGURAS-DE-AJEDREZ-ASPECTO-DESGASTADO-1536x865.jpg 1536w, https:\/\/kamalafontanals.com\/wp-content\/uploads\/2022\/02\/FIGURAS-DE-AJEDREZ-ASPECTO-DESGASTADO-990x557.jpg 990w, https:\/\/kamalafontanals.com\/wp-content\/uploads\/2022\/02\/FIGURAS-DE-AJEDREZ-ASPECTO-DESGASTADO.jpg 1599w\" sizes=\"auto, (max-width: 1024px) 100vw, 1024px\" \/><\/a><figcaption>Piezas desgastada<\/figcaption><\/figure>\n\n\n\n<figure class=\"wp-block-image size-large\"><a href=\"https:\/\/kamalafontanals.com\/wp-content\/uploads\/2022\/02\/AJEDREZ-PARA-RESTAURAR.jpg\"><img loading=\"lazy\" decoding=\"async\" width=\"939\" height=\"656\" data-id=\"48\" src=\"https:\/\/kamalafontanals.com\/wp-content\/uploads\/2022\/02\/AJEDREZ-PARA-RESTAURAR.jpg\" alt=\"\" class=\"wp-image-48\" srcset=\"https:\/\/kamalafontanals.com\/wp-content\/uploads\/2022\/02\/AJEDREZ-PARA-RESTAURAR.jpg 939w, https:\/\/kamalafontanals.com\/wp-content\/uploads\/2022\/02\/AJEDREZ-PARA-RESTAURAR-300x210.jpg 300w, https:\/\/kamalafontanals.com\/wp-content\/uploads\/2022\/02\/AJEDREZ-PARA-RESTAURAR-768x537.jpg 768w\" sizes=\"auto, (max-width: 939px) 100vw, 939px\" \/><\/a><figcaption>Tablero antes de restarurar<\/figcaption><\/figure>\n\n\n\n<figure class=\"wp-block-image size-full\"><a href=\"https:\/\/kamalafontanals.com\/wp-content\/uploads\/2022\/02\/AJEDREZ-TOTALMENTE-RESTAURADO.jpg\"><img loading=\"lazy\" decoding=\"async\" width=\"750\" height=\"423\" data-id=\"49\" src=\"https:\/\/kamalafontanals.com\/wp-content\/uploads\/2022\/02\/AJEDREZ-TOTALMENTE-RESTAURADO.jpg\" alt=\"\" class=\"wp-image-49\" srcset=\"https:\/\/kamalafontanals.com\/wp-content\/uploads\/2022\/02\/AJEDREZ-TOTALMENTE-RESTAURADO.jpg 750w, https:\/\/kamalafontanals.com\/wp-content\/uploads\/2022\/02\/AJEDREZ-TOTALMENTE-RESTAURADO-300x169.jpg 300w\" sizes=\"auto, (max-width: 750px) 100vw, 750px\" \/><\/a><figcaption>Trabajo restaurado<\/figcaption><\/figure>\n\n\n\n<figure class=\"wp-block-image size-full\"><a href=\"https:\/\/kamalafontanals.com\/wp-content\/uploads\/2022\/02\/AJEDREZ-RESTAURADO.jpg\"><img loading=\"lazy\" decoding=\"async\" width=\"750\" height=\"427\" data-id=\"46\" src=\"https:\/\/kamalafontanals.com\/wp-content\/uploads\/2022\/02\/AJEDREZ-RESTAURADO.jpg\" alt=\"\" class=\"wp-image-46\" srcset=\"https:\/\/kamalafontanals.com\/wp-content\/uploads\/2022\/02\/AJEDREZ-RESTAURADO.jpg 750w, https:\/\/kamalafontanals.com\/wp-content\/uploads\/2022\/02\/AJEDREZ-RESTAURADO-300x171.jpg 300w\" sizes=\"auto, (max-width: 750px) 100vw, 750px\" \/><\/a><figcaption>Tablero totalmente restaurado<\/figcaption><\/figure>\n<\/figure>\n\n\n\n<p><\/p>\n\n\n<h3>Biombo de madera de nogal<\/h3>\n<p>Este biombo es un modelo decorativo que te permite dividir o separar una estancia, adem\u00e1s de aportar un bonito toque de dise\u00f1o gracias a su estilo r\u00fastico.<br>Destaca por su ornamentaci\u00f3n de madera cuyo dise\u00f1o permite el paso de la luz.<br>Esto hace que sea un biombo perfecto para separar ambientes dentro de un mismo espacio sin perder iluminaci\u00f3n.<br>El biombo de 2 paneles mide 120 de ancho por 170 de alto. Color nogal.<br>Esta fabricado con productos de la mejor calidad siendo muy robusto y estable.<br>Es muy f\u00e1cil y c\u00f3modo de plegar y recoger si lo necesita.<br>Estamos ante un biombo funcional de calidad y con un gran cuidado del dise\u00f1o.<br>Esta firmado por su autor, Mauro, Gran escultor de piezas de madera, en el 2003.<br>Precio 9.550 eur<\/p>\n\n\n<figure class=\"wp-block-gallery has-nested-images columns-default is-cropped wp-block-gallery-2 is-layout-flex wp-block-gallery-is-layout-flex\">\n<figure class=\"wp-block-image size-large\"><img loading=\"lazy\" decoding=\"async\" width=\"577\" height=\"1024\" data-id=\"53\" src=\"https:\/\/kamalafontanals.com\/wp-content\/uploads\/2022\/02\/BIOMBO-DE-MADERA-RESTAURADO-577x1024.jpg\" alt=\"\" class=\"wp-image-53\" srcset=\"https:\/\/kamalafontanals.com\/wp-content\/uploads\/2022\/02\/BIOMBO-DE-MADERA-RESTAURADO-577x1024.jpg 577w, https:\/\/kamalafontanals.com\/wp-content\/uploads\/2022\/02\/BIOMBO-DE-MADERA-RESTAURADO-169x300.jpg 169w, https:\/\/kamalafontanals.com\/wp-content\/uploads\/2022\/02\/BIOMBO-DE-MADERA-RESTAURADO-768x1362.jpg 768w, https:\/\/kamalafontanals.com\/wp-content\/uploads\/2022\/02\/BIOMBO-DE-MADERA-RESTAURADO-866x1536.jpg 866w, https:\/\/kamalafontanals.com\/wp-content\/uploads\/2022\/02\/BIOMBO-DE-MADERA-RESTAURADO-372x660.jpg 372w, https:\/\/kamalafontanals.com\/wp-content\/uploads\/2022\/02\/BIOMBO-DE-MADERA-RESTAURADO.jpg 902w\" sizes=\"auto, (max-width: 577px) 100vw, 577px\" \/><figcaption>Biombo de madera restaurado<\/figcaption><\/figure>\n\n\n\n<figure class=\"wp-block-image size-large\"><img loading=\"lazy\" decoding=\"async\" width=\"768\" height=\"1024\" data-id=\"54\" src=\"https:\/\/kamalafontanals.com\/wp-content\/uploads\/2022\/02\/BIOMBO-DE-MADERA-TALLADO-A-MANO-768x1024.jpg\" alt=\"\" class=\"wp-image-54\" srcset=\"https:\/\/kamalafontanals.com\/wp-content\/uploads\/2022\/02\/BIOMBO-DE-MADERA-TALLADO-A-MANO-768x1024.jpg 768w, https:\/\/kamalafontanals.com\/wp-content\/uploads\/2022\/02\/BIOMBO-DE-MADERA-TALLADO-A-MANO-225x300.jpg 225w, https:\/\/kamalafontanals.com\/wp-content\/uploads\/2022\/02\/BIOMBO-DE-MADERA-TALLADO-A-MANO-1152x1536.jpg 1152w, https:\/\/kamalafontanals.com\/wp-content\/uploads\/2022\/02\/BIOMBO-DE-MADERA-TALLADO-A-MANO-495x660.jpg 495w, https:\/\/kamalafontanals.com\/wp-content\/uploads\/2022\/02\/BIOMBO-DE-MADERA-TALLADO-A-MANO-606x808.jpg 606w, https:\/\/kamalafontanals.com\/wp-content\/uploads\/2022\/02\/BIOMBO-DE-MADERA-TALLADO-A-MANO.jpg 1512w\" sizes=\"auto, (max-width: 768px) 100vw, 768px\" \/><figcaption>Biombo de madera tallado a mano<\/figcaption><\/figure>\n\n\n\n<figure class=\"wp-block-image size-large\"><img loading=\"lazy\" decoding=\"async\" width=\"576\" height=\"1024\" data-id=\"55\" src=\"https:\/\/kamalafontanals.com\/wp-content\/uploads\/2022\/02\/DIBUJO-DETALLADO-DE-BIOMBO-MADERA-576x1024.jpg\" alt=\"\" class=\"wp-image-55\" srcset=\"https:\/\/kamalafontanals.com\/wp-content\/uploads\/2022\/02\/DIBUJO-DETALLADO-DE-BIOMBO-MADERA-576x1024.jpg 576w, https:\/\/kamalafontanals.com\/wp-content\/uploads\/2022\/02\/DIBUJO-DETALLADO-DE-BIOMBO-MADERA-169x300.jpg 169w, https:\/\/kamalafontanals.com\/wp-content\/uploads\/2022\/02\/DIBUJO-DETALLADO-DE-BIOMBO-MADERA-768x1364.jpg 768w, https:\/\/kamalafontanals.com\/wp-content\/uploads\/2022\/02\/DIBUJO-DETALLADO-DE-BIOMBO-MADERA-865x1536.jpg 865w, https:\/\/kamalafontanals.com\/wp-content\/uploads\/2022\/02\/DIBUJO-DETALLADO-DE-BIOMBO-MADERA-371x660.jpg 371w, https:\/\/kamalafontanals.com\/wp-content\/uploads\/2022\/02\/DIBUJO-DETALLADO-DE-BIOMBO-MADERA.jpg 900w\" sizes=\"auto, (max-width: 576px) 100vw, 576px\" \/><figcaption>Dibujo detallado biombo de madera<\/figcaption><\/figure>\n<\/figure>\n\n\n<h3>Mesita de noche r\u00fastica maciza<\/h3>\n<p>Mesita de noche estilo r\u00fastico para tus muebles de dormitorio.<br>Realizada en madera maciza de pino por lo que puede tener una ligera<br>Variaci\u00f3n de color.<br>Dispone de un caj\u00f3n y una puerta con tiradores de forja efecto \u00f3xido.<br>Decapado en color verde marina.<br>Medidas 75 x 40 x 28cm<br>Ubicaci\u00f3n : Pontevedra, Galicia (Espa\u00f1a)<\/p>\n<p>SOLID RUSTIC NIGHT TABLE<br>Country style bedside table for your bedroom furniture.<br>Made of solid pine wood so it can have a slight color variation.<br>It has a drawer and a door with rust effect forging handles.<br>Pickled in navy green.<br>Measurements : 75 x 40 x 28<br>Location: Pontevedra, Galicia (Spain). 399 eur<\/p>\n\n\n<figure class=\"wp-block-gallery has-nested-images columns-3 is-cropped wp-block-gallery-3 is-layout-flex wp-block-gallery-is-layout-flex\">\n<figure class=\"wp-block-image size-large\"><img loading=\"lazy\" decoding=\"async\" width=\"768\" height=\"1024\" data-id=\"69\" src=\"https:\/\/kamalafontanals.com\/wp-content\/uploads\/2022\/02\/MESITA-DE-NOCHE-DE-MADERA-PARA-RESTAURAR.jpg\" alt=\"\" class=\"wp-image-69\" srcset=\"https:\/\/kamalafontanals.com\/wp-content\/uploads\/2022\/02\/MESITA-DE-NOCHE-DE-MADERA-PARA-RESTAURAR.jpg 768w, https:\/\/kamalafontanals.com\/wp-content\/uploads\/2022\/02\/MESITA-DE-NOCHE-DE-MADERA-PARA-RESTAURAR-225x300.jpg 225w, https:\/\/kamalafontanals.com\/wp-content\/uploads\/2022\/02\/MESITA-DE-NOCHE-DE-MADERA-PARA-RESTAURAR-495x660.jpg 495w, https:\/\/kamalafontanals.com\/wp-content\/uploads\/2022\/02\/MESITA-DE-NOCHE-DE-MADERA-PARA-RESTAURAR-606x808.jpg 606w\" sizes=\"auto, (max-width: 768px) 100vw, 768px\" \/><figcaption>Meista de noche de madera para restaurar<\/figcaption><\/figure>\n\n\n\n<figure class=\"wp-block-image size-large\"><img loading=\"lazy\" decoding=\"async\" width=\"576\" height=\"1024\" data-id=\"70\" src=\"https:\/\/kamalafontanals.com\/wp-content\/uploads\/2022\/02\/DETALLE-DEL-DECAPADO-576x1024.jpg\" alt=\"\" class=\"wp-image-70\" srcset=\"https:\/\/kamalafontanals.com\/wp-content\/uploads\/2022\/02\/DETALLE-DEL-DECAPADO-576x1024.jpg 576w, https:\/\/kamalafontanals.com\/wp-content\/uploads\/2022\/02\/DETALLE-DEL-DECAPADO-169x300.jpg 169w, https:\/\/kamalafontanals.com\/wp-content\/uploads\/2022\/02\/DETALLE-DEL-DECAPADO-768x1364.jpg 768w, https:\/\/kamalafontanals.com\/wp-content\/uploads\/2022\/02\/DETALLE-DEL-DECAPADO-865x1536.jpg 865w, https:\/\/kamalafontanals.com\/wp-content\/uploads\/2022\/02\/DETALLE-DEL-DECAPADO-371x660.jpg 371w, https:\/\/kamalafontanals.com\/wp-content\/uploads\/2022\/02\/DETALLE-DEL-DECAPADO.jpg 900w\" sizes=\"auto, (max-width: 576px) 100vw, 576px\" \/><figcaption>Detalle del decapado<\/figcaption><\/figure>\n\n\n\n<figure class=\"wp-block-image size-large\"><img loading=\"lazy\" decoding=\"async\" width=\"576\" height=\"1024\" data-id=\"191\" src=\"https:\/\/kamalafontanals.com\/wp-content\/uploads\/2022\/03\/MESITA-DE-NOCHE-RESTAURADA-CON-LOOK-MAS-MODERNO-576x1024.jpg\" alt=\"\" class=\"wp-image-191\" srcset=\"https:\/\/kamalafontanals.com\/wp-content\/uploads\/2022\/03\/MESITA-DE-NOCHE-RESTAURADA-CON-LOOK-MAS-MODERNO-576x1024.jpg 576w, https:\/\/kamalafontanals.com\/wp-content\/uploads\/2022\/03\/MESITA-DE-NOCHE-RESTAURADA-CON-LOOK-MAS-MODERNO-169x300.jpg 169w, https:\/\/kamalafontanals.com\/wp-content\/uploads\/2022\/03\/MESITA-DE-NOCHE-RESTAURADA-CON-LOOK-MAS-MODERNO-768x1365.jpg 768w, https:\/\/kamalafontanals.com\/wp-content\/uploads\/2022\/03\/MESITA-DE-NOCHE-RESTAURADA-CON-LOOK-MAS-MODERNO-864x1536.jpg 864w, https:\/\/kamalafontanals.com\/wp-content\/uploads\/2022\/03\/MESITA-DE-NOCHE-RESTAURADA-CON-LOOK-MAS-MODERNO-371x660.jpg 371w, https:\/\/kamalafontanals.com\/wp-content\/uploads\/2022\/03\/MESITA-DE-NOCHE-RESTAURADA-CON-LOOK-MAS-MODERNO.jpg 900w\" sizes=\"auto, (max-width: 576px) 100vw, 576px\" \/><figcaption>Mesita de noche restaurada con look m\u00e1s moderno<\/figcaption><\/figure>\n<\/figure>\n\n\n<h3>Estanter\u00edas y mesas<\/h3>\n\n\n<figure class=\"wp-block-gallery has-nested-images columns-3 is-cropped wp-block-gallery-4 is-layout-flex wp-block-gallery-is-layout-flex\">\n<figure class=\"wp-block-image size-large\"><img loading=\"lazy\" decoding=\"async\" width=\"750\" height=\"493\" data-id=\"63\" src=\"https:\/\/kamalafontanals.com\/wp-content\/uploads\/2022\/02\/ESTANTERIAS-DE-MADERA-PARA-TRASTEROS-O-ALMACENAJE.jpg\" alt=\"\" class=\"wp-image-63\" srcset=\"https:\/\/kamalafontanals.com\/wp-content\/uploads\/2022\/02\/ESTANTERIAS-DE-MADERA-PARA-TRASTEROS-O-ALMACENAJE.jpg 750w, https:\/\/kamalafontanals.com\/wp-content\/uploads\/2022\/02\/ESTANTERIAS-DE-MADERA-PARA-TRASTEROS-O-ALMACENAJE-300x197.jpg 300w\" sizes=\"auto, (max-width: 750px) 100vw, 750px\" \/><figcaption>Estanter\u00edas de madera para trastero o almacenaje<\/figcaption><\/figure>\n\n\n\n<figure class=\"wp-block-image size-large\"><img loading=\"lazy\" decoding=\"async\" width=\"194\" height=\"259\" data-id=\"62\" src=\"https:\/\/kamalafontanals.com\/wp-content\/uploads\/2022\/02\/IDEAS-CON-PALES-PARA-DECORAR-TU-HOGAR.jpg\" alt=\"\" class=\"wp-image-62\"\/><figcaption>Ideas con pales para decorar tu hogar<\/figcaption><\/figure>\n\n\n\n<figure class=\"wp-block-image size-large\"><img loading=\"lazy\" decoding=\"async\" width=\"750\" height=\"586\" data-id=\"65\" src=\"https:\/\/kamalafontanals.com\/wp-content\/uploads\/2022\/02\/MESA-CON-PIE-RUSTICO.jpg\" alt=\"\" class=\"wp-image-65\" srcset=\"https:\/\/kamalafontanals.com\/wp-content\/uploads\/2022\/02\/MESA-CON-PIE-RUSTICO.jpg 750w, https:\/\/kamalafontanals.com\/wp-content\/uploads\/2022\/02\/MESA-CON-PIE-RUSTICO-300x234.jpg 300w\" sizes=\"auto, (max-width: 750px) 100vw, 750px\" \/><figcaption>Mesa con pie r\u00fastico<\/figcaption><\/figure>\n\n\n\n<figure class=\"wp-block-image size-large\"><img loading=\"lazy\" decoding=\"async\" width=\"750\" height=\"899\" data-id=\"64\" src=\"https:\/\/kamalafontanals.com\/wp-content\/uploads\/2022\/02\/CAJAS-DE-MADERA.jpg\" alt=\"\" class=\"wp-image-64\" srcset=\"https:\/\/kamalafontanals.com\/wp-content\/uploads\/2022\/02\/CAJAS-DE-MADERA.jpg 750w, https:\/\/kamalafontanals.com\/wp-content\/uploads\/2022\/02\/CAJAS-DE-MADERA-250x300.jpg 250w, https:\/\/kamalafontanals.com\/wp-content\/uploads\/2022\/02\/CAJAS-DE-MADERA-551x660.jpg 551w\" sizes=\"auto, (max-width: 750px) 100vw, 750px\" \/><figcaption>Cajas de madera<\/figcaption><\/figure>\n\n\n\n<figure class=\"wp-block-image size-large\"><img loading=\"lazy\" decoding=\"async\" width=\"750\" height=\"247\" data-id=\"66\" src=\"https:\/\/kamalafontanals.com\/wp-content\/uploads\/2022\/02\/MESA-JARDIN-RUSTICA.jpg\" alt=\"\" class=\"wp-image-66\" srcset=\"https:\/\/kamalafontanals.com\/wp-content\/uploads\/2022\/02\/MESA-JARDIN-RUSTICA.jpg 750w, https:\/\/kamalafontanals.com\/wp-content\/uploads\/2022\/02\/MESA-JARDIN-RUSTICA-300x99.jpg 300w\" sizes=\"auto, (max-width: 750px) 100vw, 750px\" \/><figcaption>Mesa jard\u00edn r\u00fastica<\/figcaption><\/figure>\n\n\n\n<figure class=\"wp-block-image size-large\"><img loading=\"lazy\" decoding=\"async\" width=\"880\" height=\"495\" data-id=\"239\" src=\"https:\/\/kamalafontanals.com\/wp-content\/uploads\/2022\/03\/Estanteria-con-palets.jpg\" alt=\"\" class=\"wp-image-239\" srcset=\"https:\/\/kamalafontanals.com\/wp-content\/uploads\/2022\/03\/Estanteria-con-palets.jpg 880w, https:\/\/kamalafontanals.com\/wp-content\/uploads\/2022\/03\/Estanteria-con-palets-300x169.jpg 300w, https:\/\/kamalafontanals.com\/wp-content\/uploads\/2022\/03\/Estanteria-con-palets-768x432.jpg 768w\" sizes=\"auto, (max-width: 880px) 100vw, 880px\" \/><figcaption>Preparaci\u00f3n de palets para decoraci\u00f3n<\/figcaption><\/figure>\n<\/figure>\n\n\n<h3>Palets<\/h3>\n\n\n<figure class=\"wp-block-gallery has-nested-images columns-default is-cropped wp-block-gallery-5 is-layout-flex wp-block-gallery-is-layout-flex\">\n<figure class=\"wp-block-image size-large\"><img loading=\"lazy\" decoding=\"async\" width=\"750\" height=\"513\" data-id=\"74\" src=\"https:\/\/kamalafontanals.com\/wp-content\/uploads\/2022\/02\/BANCO-CON-MESA-JARDIN.jpg\" alt=\"\" class=\"wp-image-74\" srcset=\"https:\/\/kamalafontanals.com\/wp-content\/uploads\/2022\/02\/BANCO-CON-MESA-JARDIN.jpg 750w, https:\/\/kamalafontanals.com\/wp-content\/uploads\/2022\/02\/BANCO-CON-MESA-JARDIN-300x205.jpg 300w\" sizes=\"auto, (max-width: 750px) 100vw, 750px\" \/><figcaption>Banco con mesa jard\u00edn<\/figcaption><\/figure>\n\n\n\n<figure class=\"wp-block-image size-full\"><img loading=\"lazy\" decoding=\"async\" width=\"265\" height=\"190\" data-id=\"80\" src=\"https:\/\/kamalafontanals.com\/wp-content\/uploads\/2022\/02\/MUEBLES-PARA-SALON.jpg\" alt=\"\" class=\"wp-image-80\"\/><figcaption>Muebles para sal\u00f3n<\/figcaption><\/figure>\n\n\n\n<figure class=\"wp-block-image size-large\"><img loading=\"lazy\" decoding=\"async\" width=\"316\" height=\"160\" data-id=\"76\" src=\"https:\/\/kamalafontanals.com\/wp-content\/uploads\/2022\/02\/IDEA-PARA-DECORAR-TU-CASA-CON-MUEBLES-DE-PALETS.jpg\" alt=\"\" class=\"wp-image-76\" srcset=\"https:\/\/kamalafontanals.com\/wp-content\/uploads\/2022\/02\/IDEA-PARA-DECORAR-TU-CASA-CON-MUEBLES-DE-PALETS.jpg 316w, https:\/\/kamalafontanals.com\/wp-content\/uploads\/2022\/02\/IDEA-PARA-DECORAR-TU-CASA-CON-MUEBLES-DE-PALETS-300x152.jpg 300w\" sizes=\"auto, (max-width: 316px) 100vw, 316px\" \/><figcaption>Idea para decorar tu casa con muebles de palets<\/figcaption><\/figure>\n\n\n\n<figure class=\"wp-block-image size-large\"><img loading=\"lazy\" decoding=\"async\" width=\"984\" height=\"1024\" data-id=\"77\" src=\"https:\/\/kamalafontanals.com\/wp-content\/uploads\/2022\/02\/MESA-DE-CENTRO-PARA-SALON-VINTAGE-BLANCA-984x1024.jpg\" alt=\"\" class=\"wp-image-77\" srcset=\"https:\/\/kamalafontanals.com\/wp-content\/uploads\/2022\/02\/MESA-DE-CENTRO-PARA-SALON-VINTAGE-BLANCA-984x1024.jpg 984w, https:\/\/kamalafontanals.com\/wp-content\/uploads\/2022\/02\/MESA-DE-CENTRO-PARA-SALON-VINTAGE-BLANCA-288x300.jpg 288w, https:\/\/kamalafontanals.com\/wp-content\/uploads\/2022\/02\/MESA-DE-CENTRO-PARA-SALON-VINTAGE-BLANCA-768x799.jpg 768w, https:\/\/kamalafontanals.com\/wp-content\/uploads\/2022\/02\/MESA-DE-CENTRO-PARA-SALON-VINTAGE-BLANCA-634x660.jpg 634w, https:\/\/kamalafontanals.com\/wp-content\/uploads\/2022\/02\/MESA-DE-CENTRO-PARA-SALON-VINTAGE-BLANCA.jpg 1441w\" sizes=\"auto, (max-width: 984px) 100vw, 984px\" \/><figcaption>Mesa de centro para sal\u00f3n vintage blanca<\/figcaption><\/figure>\n\n\n\n<figure class=\"wp-block-image size-full\"><img loading=\"lazy\" decoding=\"async\" width=\"242\" height=\"208\" data-id=\"237\" src=\"https:\/\/kamalafontanals.com\/wp-content\/uploads\/2022\/03\/Estanteria-Palets.jpg\" alt=\"\" class=\"wp-image-237\"\/><figcaption>Estanter\u00edas<\/figcaption><\/figure>\n\n\n\n<figure class=\"wp-block-image size-large\"><img loading=\"lazy\" decoding=\"async\" width=\"275\" height=\"183\" data-id=\"235\" src=\"https:\/\/kamalafontanals.com\/wp-content\/uploads\/2022\/03\/Estanteria-palets-1.jpg\" alt=\"\" class=\"wp-image-235\"\/><figcaption>Estanterias<\/figcaption><\/figure>\n<\/figure>\n","protected":false},"excerpt":{"rendered":"<p>Ajedrez Ajedrez de madera restaurado 34 x 34 cmPiezas desgastadas. Tablero decapado. Biombo de madera de nogal Este biombo es &hellip; <a href=\"https:\/\/kamalafontanals.com\/index.php\/maderas\/\" class=\"more-link\"><span class=\"more-button\">Seguir leyendo<span class=\"screen-reader-text\">Maderas<\/span><\/span><\/a><\/p>\n","protected":false},"author":1,"featured_media":77,"parent":0,"menu_order":0,"comment_status":"closed","ping_status":"closed","template":"templates\/no-sidebar.php","meta":{"footnotes":""},"class_list":["post-45","page","type-page","status-publish","has-post-thumbnail","hentry"],"_links":{"self":[{"href":"https:\/\/kamalafontanals.com\/index.php\/wp-json\/wp\/v2\/pages\/45","targetHints":{"allow":["GET"]}}],"collection":[{"href":"https:\/\/kamalafontanals.com\/index.php\/wp-json\/wp\/v2\/pages"}],"about":[{"href":"https:\/\/kamalafontanals.com\/index.php\/wp-json\/wp\/v2\/types\/page"}],"author":[{"embeddable":true,"href":"https:\/\/kamalafontanals.com\/index.php\/wp-json\/wp\/v2\/users\/1"}],"replies":[{"embeddable":true,"href":"https:\/\/kamalafontanals.com\/index.php\/wp-json\/wp\/v2\/comments?post=45"}],"version-history":[{"count":19,"href":"https:\/\/kamalafontanals.com\/index.php\/wp-json\/wp\/v2\/pages\/45\/revisions"}],"predecessor-version":[{"id":240,"href":"https:\/\/kamalafontanals.com\/index.php\/wp-json\/wp\/v2\/pages\/45\/revisions\/240"}],"wp:featuredmedia":[{"embeddable":true,"href":"https:\/\/kamalafontanals.com\/index.php\/wp-json\/wp\/v2\/media\/77"}],"wp:attachment":[{"href":"https:\/\/kamalafontanals.com\/index.php\/wp-json\/wp\/v2\/media?parent=45"}],"curies":[{"name":"wp","href":"https:\/\/api.w.org\/{rel}","templated":true}]}}